{"id":2,"date":"2023-09-26T09:10:27","date_gmt":"2023-09-26T09:10:27","guid":{"rendered":"https:\/\/theweddingdancequeens.de\/?page_id=2"},"modified":"2024-02-25T17:38:49","modified_gmt":"2024-02-25T17:38:49","slug":"home","status":"publish","type":"page","link":"https:\/\/theweddingdancequeens.de\/en\/","title":{"rendered":"THE WEDDING DANCE QUEENS"},"content":{"rendered":"<div data-elementor-type=\"wp-page\" data-elementor-id=\"2\" class=\"elementor elementor-2\">\n\t\t\t\t<div class=\"elementor-element elementor-element-072bd0e e-flex e-con-boxed e-con e-parent\" data-id=\"072bd0e\" data-element_type=\"container\" data-e-type=\"container\" id=\"home\">\n\t\t\t\t\t<div class=\"e-con-inner\">\n\t\t\t\t<div class=\"elementor-element elementor-element-5af540c elementor-widget elementor-widget-image\" data-id=\"5af540c\" data-element_type=\"widget\" data-e-type=\"widget\" data-widget_type=\"image.default\">\n\t\t\t\t<div class=\"elementor-widget-container\">\n\t\t\t\t\t\t\t\t\t\t\t\t\t\t\t<img decoding=\"async\" src=\"https:\/\/theweddingdancequeens.de\/wp-content\/uploads\/elementor\/thumbs\/twdq-logo-no-text-2-qcz9npbu5ckbuvxhvmnxpazyqpcnbhy5b69hr51xk0.png\" title=\"The Wedding Dance Queens\" alt=\"The Wedding Dance Queens\" loading=\"lazy\" \/>\t\t\t\t\t\t\t\t\t\t\t\t\t\t\t<\/div>\n\t\t\t\t<\/div>\n\t\t\t\t<div class=\"elementor-element elementor-element-be04099 elementor-widget elementor-widget-heading\" data-id=\"be04099\" data-element_type=\"widget\" data-e-type=\"widget\" data-widget_type=\"heading.default\">\n\t\t\t\t<div class=\"elementor-widget-container\">\n\t\t\t\t\t<h2 class=\"elementor-heading-title elementor-size-default\">THE WEDDING DANCE QUEENS<\/h2>\t\t\t\t<\/div>\n\t\t\t\t<\/div>\n\t\t\t\t\t<\/div>\n\t\t\t\t<\/div>\n\t\t<div class=\"elementor-element elementor-element-9b12a21 e-flex e-con-boxed e-con e-parent\" data-id=\"9b12a21\" data-element_type=\"container\" data-e-type=\"container\" id=\"aboutUs\">\n\t\t\t\t\t<div class=\"e-con-inner\">\n\t\t\t\t<div class=\"elementor-element elementor-element-0d48a40 elementor-widget elementor-widget-image\" data-id=\"0d48a40\" data-element_type=\"widget\" data-e-type=\"widget\" data-widget_type=\"image.default\">\n\t\t\t\t<div class=\"elementor-widget-container\">\n\t\t\t\t\t\t\t\t\t\t\t\t\t\t\t<img decoding=\"async\" src=\"https:\/\/theweddingdancequeens.de\/wp-content\/uploads\/elementor\/thumbs\/about-us-qcz4ko7gf065q0zktfcfuigbu855kx7kw52veyfe8k.png\" title=\"About Us\" alt=\"About Us\" loading=\"lazy\" \/>\t\t\t\t\t\t\t\t\t\t\t\t\t\t\t<\/div>\n\t\t\t\t<\/div>\n\t\t<div class=\"elementor-element elementor-element-1e97e4c e-flex e-con-boxed e-con e-child\" data-id=\"1e97e4c\" data-element_type=\"container\" data-e-type=\"container\">\n\t\t\t\t\t<div class=\"e-con-inner\">\n\t\t\t\t<div class=\"elementor-element elementor-element-f78454c elementor-widget elementor-widget-heading\" data-id=\"f78454c\" data-element_type=\"widget\" data-e-type=\"widget\" data-widget_type=\"heading.default\">\n\t\t\t\t<div class=\"elementor-widget-container\">\n\t\t\t\t\t<h4 class=\"elementor-heading-title elementor-size-default\">In den\n<\/h4>\t\t\t\t<\/div>\n\t\t\t\t<\/div>\n\t\t\t\t<div class=\"elementor-element elementor-element-9a3ac42 elementor-widget elementor-widget-heading\" data-id=\"9a3ac42\" data-element_type=\"widget\" data-e-type=\"widget\" data-widget_type=\"heading.default\">\n\t\t\t\t<div class=\"elementor-widget-container\">\n\t\t\t\t\t<h4 class=\"elementor-heading-title elementor-size-default\">besten H\u00e4nden<\/h4>\t\t\t\t<\/div>\n\t\t\t\t<\/div>\n\t\t\t\t<div class=\"elementor-element elementor-element-1cb998f elementor-widget-mobile__width-inherit elementor-widget elementor-widget-text-editor\" data-id=\"1cb998f\" data-element_type=\"widget\" data-e-type=\"widget\" data-widget_type=\"text-editor.default\">\n\t\t\t\t<div class=\"elementor-widget-container\">\n\t\t\t\t\t\t\t\t\t<p>For those looking for an individual, personal wedding dance, there is The Wedding Dance Queens.<\/p><p>Private Lessons - Your very exclusive dance instruction. Book private lessons with us to meet your personal requirements.<\/p><p>We will create your wedding dance to your favorite music together as a team, according to your wishes and ideas.<\/p><p>You will receive tips and information on the topic of wedding dance. How do I step onto the dance floor? What music or dance suits us? It doesn\u2019t always have to be the waltz. We answer these and many other questions and tailor our approach to your desires.<\/p><p>We are also happy to prepare your bridesmaids and groomsmen for the big day - as well as your\nwedding party.<\/p><p>The next event is approaching, and you want to refresh your dance skills?<\/p><p>The Wedding Dance Queens are based on decades of experience and specialize particularly in wedding dances and dance choreography.<\/p>\t\t\t\t\t\t\t\t<\/div>\n\t\t\t\t<\/div>\n\t\t\t\t\t<\/div>\n\t\t\t\t<\/div>\n\t\t\t\t\t<\/div>\n\t\t\t\t<\/div>\n\t\t<div class=\"elementor-element elementor-element-b95500c e-flex e-con-boxed e-con e-parent\" data-id=\"b95500c\" data-element_type=\"container\" data-e-type=\"container\" id=\"team\">\n\t\t\t\t\t<div class=\"e-con-inner\">\n\t\t<div class=\"elementor-element elementor-element-cb6af95 e-flex e-con-boxed e-con e-child\" data-id=\"cb6af95\" data-element_type=\"container\" data-e-type=\"container\">\n\t\t\t\t\t<div class=\"e-con-inner\">\n\t\t\t\t<div class=\"elementor-element elementor-element-df239eb elementor-widget elementor-widget-heading\" data-id=\"df239eb\" data-element_type=\"widget\" data-e-type=\"widget\" data-widget_type=\"heading.default\">\n\t\t\t\t<div class=\"elementor-widget-container\">\n\t\t\t\t\t<h2 class=\"elementor-heading-title elementor-size-default\">TEAM<\/h2>\t\t\t\t<\/div>\n\t\t\t\t<\/div>\n\t\t\t\t<div class=\"elementor-element elementor-element-70db1bc elementor-widget elementor-widget-heading\" data-id=\"70db1bc\" data-element_type=\"widget\" data-e-type=\"widget\" data-widget_type=\"heading.default\">\n\t\t\t\t<div class=\"elementor-widget-container\">\n\t\t\t\t\t<h4 class=\"elementor-heading-title elementor-size-default\">First Encounter<\/h4>\t\t\t\t<\/div>\n\t\t\t\t<\/div>\n\t\t\t\t<div class=\"elementor-element elementor-element-d3fde2b elementor-widget elementor-widget-text-editor\" data-id=\"d3fde2b\" data-element_type=\"widget\" data-e-type=\"widget\" data-widget_type=\"text-editor.default\">\n\t\t\t\t<div class=\"elementor-widget-container\">\n\t\t\t\t\t\t\t\t\t<p>Our experienced staff contributes to our success.<\/p><p>Our professional team has many years of experience and excels in their field.<\/p><p>Champions with the premise of fulfilling all of our customers\u2019 wishes to the fullest satisfaction.<\/p>\t\t\t\t\t\t\t\t<\/div>\n\t\t\t\t<\/div>\n\t\t\t\t\t<\/div>\n\t\t\t\t<\/div>\n\t\t\t\t<div class=\"elementor-element elementor-element-c33725f elementor-widget elementor-widget-image\" data-id=\"c33725f\" data-element_type=\"widget\" data-e-type=\"widget\" data-widget_type=\"image.default\">\n\t\t\t\t<div class=\"elementor-widget-container\">\n\t\t\t\t\t\t\t\t\t\t\t\t\t\t\t<img fetchpriority=\"high\" decoding=\"async\" width=\"692\" height=\"1024\" src=\"https:\/\/theweddingdancequeens.de\/wp-content\/uploads\/2023\/09\/team-692x1024.png\" class=\"attachment-large size-large wp-image-55\" alt=\"Anna &amp; Kamelia\" srcset=\"https:\/\/theweddingdancequeens.de\/wp-content\/uploads\/2023\/09\/team-692x1024.png 692w, https:\/\/theweddingdancequeens.de\/wp-content\/uploads\/2023\/09\/team-203x300.png 203w, https:\/\/theweddingdancequeens.de\/wp-content\/uploads\/2023\/09\/team-768x1137.png 768w, https:\/\/theweddingdancequeens.de\/wp-content\/uploads\/2023\/09\/team-1038x1536.png 1038w, https:\/\/theweddingdancequeens.de\/wp-content\/uploads\/2023\/09\/team.png 1268w\" sizes=\"(max-width: 692px) 100vw, 692px\" \/>\t\t\t\t\t\t\t\t\t\t\t\t\t\t\t<\/div>\n\t\t\t\t<\/div>\n\t\t\t\t\t<\/div>\n\t\t\t\t<\/div>\n\t\t<div class=\"elementor-element elementor-element-7008276 e-flex e-con-boxed e-con e-parent\" data-id=\"7008276\" data-element_type=\"container\" data-e-type=\"container\">\n\t\t\t\t\t<div class=\"e-con-inner\">\n\t\t<div class=\"elementor-element elementor-element-0de5946 e-flex e-con-boxed e-con e-child\" data-id=\"0de5946\" data-element_type=\"container\" data-e-type=\"container\">\n\t\t\t\t\t<div class=\"e-con-inner\">\n\t\t\t\t<div class=\"elementor-element elementor-element-32f240e elementor-widget elementor-widget-heading\" data-id=\"32f240e\" data-element_type=\"widget\" data-e-type=\"widget\" data-widget_type=\"heading.default\">\n\t\t\t\t<div class=\"elementor-widget-container\">\n\t\t\t\t\t<h2 class=\"elementor-heading-title elementor-size-default\">ANNA<\/h2>\t\t\t\t<\/div>\n\t\t\t\t<\/div>\n\t\t\t\t<div class=\"elementor-element elementor-element-c18fe30 elementor-widget elementor-widget-heading\" data-id=\"c18fe30\" data-element_type=\"widget\" data-e-type=\"widget\" data-widget_type=\"heading.default\">\n\t\t\t\t<div class=\"elementor-widget-container\">\n\t\t\t\t\t<h4 class=\"elementor-heading-title elementor-size-default\">Founder<\/h4>\t\t\t\t<\/div>\n\t\t\t\t<\/div>\n\t\t\t\t<div class=\"elementor-element elementor-element-1f2b545 elementor-widget elementor-widget-heading\" data-id=\"1f2b545\" data-element_type=\"widget\" data-e-type=\"widget\" data-widget_type=\"heading.default\">\n\t\t\t\t<div class=\"elementor-widget-container\">\n\t\t\t\t\t<h4 class=\"elementor-heading-title elementor-size-default\">Creative Director<\/h4>\t\t\t\t<\/div>\n\t\t\t\t<\/div>\n\t\t\t\t<div class=\"elementor-element elementor-element-56118d7 elementor-widget elementor-widget-text-editor\" data-id=\"56118d7\" data-element_type=\"widget\" data-e-type=\"widget\" data-widget_type=\"text-editor.default\">\n\t\t\t\t<div class=\"elementor-widget-container\">\n\t\t\t\t\t\t\t\t\t<p>Professional Dancer in Latin American Dances<br \/>Champion 2006-2014<br \/>National Team 2006-2014<br \/>World and European Championships<\/p><p>TV choreographer, trainer, mental coach on Let\u2019s Dance, musicals Annie &amp; Stella, Press Days Munich.<\/p><p>Coaching for competitive couples for national and international dance tournaments. Multiple Bavarian champion titles, Europe Cup titles, and finalists worldwide.<\/p><p>For over ten years, Anna Chodyna traveled the world to perfect her dancing skills, visiting cities like London, Moscow, Padova, and Hong Kong.<\/p><p>BEST DANCE MUNICH<br \/>THE WEDDING DANCE QUEENS<\/p>\t\t\t\t\t\t\t\t<\/div>\n\t\t\t\t<\/div>\n\t\t\t\t\t<\/div>\n\t\t\t\t<\/div>\n\t\t\t\t<div class=\"elementor-element elementor-element-31e4762 elementor-widget elementor-widget-image\" data-id=\"31e4762\" data-element_type=\"widget\" data-e-type=\"widget\" data-widget_type=\"image.default\">\n\t\t\t\t<div class=\"elementor-widget-container\">\n\t\t\t\t\t\t\t\t\t\t\t\t\t\t\t<img decoding=\"async\" width=\"811\" height=\"1024\" src=\"https:\/\/theweddingdancequeens.de\/wp-content\/uploads\/2023\/09\/team-1-811x1024.png\" class=\"attachment-large size-large wp-image-56\" alt=\"Anna\" srcset=\"https:\/\/theweddingdancequeens.de\/wp-content\/uploads\/2023\/09\/team-1-811x1024.png 811w, https:\/\/theweddingdancequeens.de\/wp-content\/uploads\/2023\/09\/team-1-238x300.png 238w, https:\/\/theweddingdancequeens.de\/wp-content\/uploads\/2023\/09\/team-1-768x970.png 768w, https:\/\/theweddingdancequeens.de\/wp-content\/uploads\/2023\/09\/team-1-1217x1536.png 1217w, https:\/\/theweddingdancequeens.de\/wp-content\/uploads\/2023\/09\/team-1.png 1584w\" sizes=\"(max-width: 811px) 100vw, 811px\" \/>\t\t\t\t\t\t\t\t\t\t\t\t\t\t\t<\/div>\n\t\t\t\t<\/div>\n\t\t\t\t\t<\/div>\n\t\t\t\t<\/div>\n\t\t<div class=\"elementor-element elementor-element-2a47413 e-flex e-con-boxed e-con e-parent\" data-id=\"2a47413\" data-element_type=\"container\" data-e-type=\"container\">\n\t\t\t\t\t<div class=\"e-con-inner\">\n\t\t<div class=\"elementor-element elementor-element-8d26bde e-flex e-con-boxed e-con e-child\" data-id=\"8d26bde\" data-element_type=\"container\" data-e-type=\"container\">\n\t\t\t\t\t<div class=\"e-con-inner\">\n\t\t\t\t<div class=\"elementor-element elementor-element-56600cd elementor-widget elementor-widget-heading\" data-id=\"56600cd\" data-element_type=\"widget\" data-e-type=\"widget\" data-widget_type=\"heading.default\">\n\t\t\t\t<div class=\"elementor-widget-container\">\n\t\t\t\t\t<h2 class=\"elementor-heading-title elementor-size-default\">KAMELIA<\/h2>\t\t\t\t<\/div>\n\t\t\t\t<\/div>\n\t\t\t\t<div class=\"elementor-element elementor-element-874e68b elementor-widget elementor-widget-heading\" data-id=\"874e68b\" data-element_type=\"widget\" data-e-type=\"widget\" data-widget_type=\"heading.default\">\n\t\t\t\t<div class=\"elementor-widget-container\">\n\t\t\t\t\t<h4 class=\"elementor-heading-title elementor-size-default\">Manager Director<\/h4>\t\t\t\t<\/div>\n\t\t\t\t<\/div>\n\t\t\t\t<div class=\"elementor-element elementor-element-27658de elementor-widget elementor-widget-text-editor\" data-id=\"27658de\" data-element_type=\"widget\" data-e-type=\"widget\" data-widget_type=\"text-editor.default\">\n\t\t\t\t<div class=\"elementor-widget-container\">\n\t\t\t\t\t\t\t\t\t<p>Professional dancer in Standard and Latin American dances.<br \/>Children &amp; Youth Champion 2008-2017<\/p><p>Choreographer, trainer at Press Days Munich<\/p><p>Coaching for competitive couples for national and international dance tournaments. Multiple Bavarian champion titles, Europe Cup titles, and finalists worldwide.<\/p><p>BEST DANCE MUNICH<br \/>THE WEDDING DANCE QUEENS<\/p>\t\t\t\t\t\t\t\t<\/div>\n\t\t\t\t<\/div>\n\t\t\t\t\t<\/div>\n\t\t\t\t<\/div>\n\t\t\t\t<div class=\"elementor-element elementor-element-29a85f4 elementor-widget elementor-widget-image\" data-id=\"29a85f4\" data-element_type=\"widget\" data-e-type=\"widget\" data-widget_type=\"image.default\">\n\t\t\t\t<div class=\"elementor-widget-container\">\n\t\t\t\t\t\t\t\t\t\t\t\t\t\t\t<img decoding=\"async\" width=\"811\" height=\"1024\" src=\"https:\/\/theweddingdancequeens.de\/wp-content\/uploads\/2023\/09\/team-2-811x1024.png\" class=\"attachment-large size-large wp-image-57\" alt=\"Kamelia\" srcset=\"https:\/\/theweddingdancequeens.de\/wp-content\/uploads\/2023\/09\/team-2-811x1024.png 811w, https:\/\/theweddingdancequeens.de\/wp-content\/uploads\/2023\/09\/team-2-238x300.png 238w, https:\/\/theweddingdancequeens.de\/wp-content\/uploads\/2023\/09\/team-2-768x970.png 768w, https:\/\/theweddingdancequeens.de\/wp-content\/uploads\/2023\/09\/team-2-1217x1536.png 1217w, https:\/\/theweddingdancequeens.de\/wp-content\/uploads\/2023\/09\/team-2.png 1584w\" sizes=\"(max-width: 811px) 100vw, 811px\" \/>\t\t\t\t\t\t\t\t\t\t\t\t\t\t\t<\/div>\n\t\t\t\t<\/div>\n\t\t\t\t\t<\/div>\n\t\t\t\t<\/div>\n\t\t<div class=\"elementor-element elementor-element-0374b39 e-flex e-con-boxed e-con e-parent\" data-id=\"0374b39\" data-element_type=\"container\" data-e-type=\"container\" id=\"contactUs\">\n\t\t\t\t\t<div class=\"e-con-inner\">\n\t\t\t\t<div class=\"elementor-element elementor-element-8d0c535 elementor-widget elementor-widget-image\" data-id=\"8d0c535\" data-element_type=\"widget\" data-e-type=\"widget\" data-widget_type=\"image.default\">\n\t\t\t\t<div class=\"elementor-widget-container\">\n\t\t\t\t\t\t\t\t\t\t\t\t\t\t\t<img decoding=\"async\" src=\"https:\/\/theweddingdancequeens.de\/wp-content\/uploads\/elementor\/thumbs\/twdq-logo-no-text-2-qcz9npbrn09leaflt9qpbrg57xt1ldmtufhmmb4fr8.png\" title=\"The Wedding Dance Queens\" alt=\"The Wedding Dance Queens\" loading=\"lazy\" \/>\t\t\t\t\t\t\t\t\t\t\t\t\t\t\t<\/div>\n\t\t\t\t<\/div>\n\t\t\t\t<div class=\"elementor-element elementor-element-0cce92b elementor-widget elementor-widget-heading\" data-id=\"0cce92b\" data-element_type=\"widget\" data-e-type=\"widget\" data-widget_type=\"heading.default\">\n\t\t\t\t<div class=\"elementor-widget-container\">\n\t\t\t\t\t<h3 class=\"elementor-heading-title elementor-size-default\">Get In Touch With Us<\/h3>\t\t\t\t<\/div>\n\t\t\t\t<\/div>\n\t\t\t\t<div class=\"elementor-element elementor-element-dac7d0b elementor-widget elementor-widget-heading\" data-id=\"dac7d0b\" data-element_type=\"widget\" data-e-type=\"widget\" data-widget_type=\"heading.default\">\n\t\t\t\t<div class=\"elementor-widget-container\">\n\t\t\t\t\t<h4 class=\"elementor-heading-title elementor-size-default\">MUNICH<\/h4>\t\t\t\t<\/div>\n\t\t\t\t<\/div>\n\t\t\t\t<div class=\"elementor-element elementor-element-920b91c elementor-widget elementor-widget-heading\" data-id=\"920b91c\" data-element_type=\"widget\" data-e-type=\"widget\" data-widget_type=\"heading.default\">\n\t\t\t\t<div class=\"elementor-widget-container\">\n\t\t\t\t\t<h4 class=\"elementor-heading-title elementor-size-default\">THE WEDDING DANCE QUEENS<\/h4>\t\t\t\t<\/div>\n\t\t\t\t<\/div>\n\t\t\t\t<div class=\"elementor-element elementor-element-71c5976 elementor-widget elementor-widget-text-editor\" data-id=\"71c5976\" data-element_type=\"widget\" data-e-type=\"widget\" data-widget_type=\"text-editor.default\">\n\t\t\t\t<div class=\"elementor-widget-container\">\n\t\t\t\t\t\t\t\t\t<p>KREUZHOFSTRASSE 10<br \/>81476 M\u00fcnchen<\/p><p><a href=\"mailto:info@weddingdancequeens.de\">+49 &#8211; (0) 89 75900836<\/a><\/p><p><a href=\"mailto:info@weddingdancequeens.de\">info@theweddingdancequeens.de<\/a><\/p>\t\t\t\t\t\t\t\t<\/div>\n\t\t\t\t<\/div>\n\t\t\t\t<div class=\"elementor-element elementor-element-2727f5e elementor-view-default elementor-widget elementor-widget-icon\" data-id=\"2727f5e\" data-element_type=\"widget\" data-e-type=\"widget\" data-widget_type=\"icon.default\">\n\t\t\t\t<div class=\"elementor-widget-container\">\n\t\t\t\t\t\t\t<div class=\"elementor-icon-wrapper\">\n\t\t\t<a class=\"elementor-icon\" href=\"https:\/\/www.instagram.com\/weddingdancequeens?utm_source=ig_web_button_share_sheet&#038;igsh=ZDNlZDc0MzIxNw==\" target=\"_blank\" rel=\"nofollow\">\n\t\t\t<i aria-hidden=\"true\" class=\"fab fa-instagram\"><\/i>\t\t\t<\/a>\n\t\t<\/div>\n\t\t\t\t\t\t<\/div>\n\t\t\t\t<\/div>\n\t\t\t\t\t<\/div>\n\t\t\t\t<\/div>\n\t\t\t\t<\/div>","protected":false},"excerpt":{"rendered":"<p>THE WEDDING DANCE QUEENS In den besten H\u00e4nden F\u00fcr all diejenigen, die einen individuellen, pers\u00f6nlichen Hochzeitstanz suchen, gibt es The Wedding Dance Queens. Privatstunden &#8211; Ihr ganz exklusiver Tanzunterricht. Buchen [&hellip;]<\/p>\n","protected":false},"author":1,"featured_media":0,"parent":0,"menu_order":0,"comment_status":"closed","ping_status":"closed","template":"elementor_theme","meta":{"_EventAllDay":false,"_EventTimezone":"","_EventStartDate":"","_EventEndDate":"","_EventStartDateUTC":"","_EventEndDateUTC":"","_EventShowMap":false,"_EventShowMapLink":false,"_EventURL":"","_EventCost":"","_EventCostDescription":"","_EventCurrencySymbol":"","_EventCurrencyCode":"","_EventCurrencyPosition":"","_EventDateTimeSeparator":"","_EventTimeRangeSeparator":"","_EventOrganizerID":[],"_EventVenueID":[],"_OrganizerEmail":"","_OrganizerPhone":"","_OrganizerWebsite":"","_VenueAddress":"","_VenueCity":"","_VenueCountry":"","_VenueProvince":"","_VenueState":"","_VenueZip":"","_VenuePhone":"","_VenueURL":"","_VenueStateProvince":"","_VenueLat":"","_VenueLng":"","_VenueShowMap":false,"_VenueShowMapLink":false,"footnotes":""},"class_list":["post-2","page","type-page","status-publish","hentry"],"yoast_head":"<!-- This site is optimized with the Yoast SEO plugin v27.3 - https:\/\/yoast.com\/product\/yoast-seo-wordpress\/ -->\n<title>THE WEDDING DANCE QUEENS - The Wedding Dance Queens<\/title>\n<meta name=\"robots\" content=\"index, follow, max-snippet:-1, max-image-preview:large, max-video-preview:-1\" \/>\n<link rel=\"canonical\" href=\"https:\/\/theweddingdancequeens.de\/en\/\" \/>\n<meta property=\"og:locale\" content=\"en_US\" \/>\n<meta property=\"og:type\" content=\"article\" \/>\n<meta property=\"og:title\" content=\"THE WEDDING DANCE QUEENS - The Wedding Dance Queens\" \/>\n<meta property=\"og:description\" content=\"THE WEDDING DANCE QUEENS In den besten H\u00e4nden F\u00fcr all diejenigen, die einen individuellen, pers\u00f6nlichen Hochzeitstanz suchen, gibt es The Wedding Dance Queens. Privatstunden &#8211; Ihr ganz exklusiver Tanzunterricht. Buchen [&hellip;]\" \/>\n<meta property=\"og:url\" content=\"https:\/\/theweddingdancequeens.de\/en\/\" \/>\n<meta property=\"og:site_name\" content=\"The Wedding Dance Queens\" \/>\n<meta property=\"article:modified_time\" content=\"2024-02-25T17:38:49+00:00\" \/>\n<meta property=\"og:image\" content=\"https:\/\/theweddingdancequeens.de\/wp-content\/uploads\/elementor\/thumbs\/twdq-logo-no-text-2-qcz9npbu5ckbuvxhvmnxpazyqpcnbhy5b69hr51xk0.png\" \/>\n<meta name=\"twitter:card\" content=\"summary_large_image\" \/>\n<meta name=\"twitter:label1\" content=\"Est. reading time\" \/>\n\t<meta name=\"twitter:data1\" content=\"3 minutes\" \/>\n<script type=\"application\/ld+json\" class=\"yoast-schema-graph\">{\"@context\":\"https:\\\/\\\/schema.org\",\"@graph\":[{\"@type\":\"WebPage\",\"@id\":\"https:\\\/\\\/theweddingdancequeens.de\\\/\",\"url\":\"https:\\\/\\\/theweddingdancequeens.de\\\/\",\"name\":\"THE WEDDING DANCE QUEENS - The Wedding Dance Queens\",\"isPartOf\":{\"@id\":\"https:\\\/\\\/theweddingdance-70px625mdu.live-website.com\\\/#website\"},\"primaryImageOfPage\":{\"@id\":\"https:\\\/\\\/theweddingdancequeens.de\\\/#primaryimage\"},\"image\":{\"@id\":\"https:\\\/\\\/theweddingdancequeens.de\\\/#primaryimage\"},\"thumbnailUrl\":\"https:\\\/\\\/theweddingdancequeens.de\\\/wp-content\\\/uploads\\\/elementor\\\/thumbs\\\/twdq-logo-no-text-2-qcz9npbu5ckbuvxhvmnxpazyqpcnbhy5b69hr51xk0.png\",\"datePublished\":\"2023-09-26T09:10:27+00:00\",\"dateModified\":\"2024-02-25T17:38:49+00:00\",\"breadcrumb\":{\"@id\":\"https:\\\/\\\/theweddingdancequeens.de\\\/#breadcrumb\"},\"inLanguage\":\"en-US\",\"potentialAction\":[{\"@type\":\"ReadAction\",\"target\":[\"https:\\\/\\\/theweddingdancequeens.de\\\/\"]}]},{\"@type\":\"ImageObject\",\"inLanguage\":\"en-US\",\"@id\":\"https:\\\/\\\/theweddingdancequeens.de\\\/#primaryimage\",\"url\":\"https:\\\/\\\/theweddingdancequeens.de\\\/wp-content\\\/uploads\\\/elementor\\\/thumbs\\\/twdq-logo-no-text-2-qcz9npbu5ckbuvxhvmnxpazyqpcnbhy5b69hr51xk0.png\",\"contentUrl\":\"https:\\\/\\\/theweddingdancequeens.de\\\/wp-content\\\/uploads\\\/elementor\\\/thumbs\\\/twdq-logo-no-text-2-qcz9npbu5ckbuvxhvmnxpazyqpcnbhy5b69hr51xk0.png\"},{\"@type\":\"BreadcrumbList\",\"@id\":\"https:\\\/\\\/theweddingdancequeens.de\\\/#breadcrumb\",\"itemListElement\":[{\"@type\":\"ListItem\",\"position\":1,\"name\":\"Home\",\"item\":\"https:\\\/\\\/theweddingdancequeens.de\\\/\"},{\"@type\":\"ListItem\",\"position\":2,\"name\":\"THE WEDDING DANCE QUEENS\"}]},{\"@type\":\"WebSite\",\"@id\":\"https:\\\/\\\/theweddingdance-70px625mdu.live-website.com\\\/#website\",\"url\":\"https:\\\/\\\/theweddingdance-70px625mdu.live-website.com\\\/\",\"name\":\"The Wedding Dance Queens\",\"description\":\"\",\"potentialAction\":[{\"@type\":\"SearchAction\",\"target\":{\"@type\":\"EntryPoint\",\"urlTemplate\":\"https:\\\/\\\/theweddingdance-70px625mdu.live-website.com\\\/?s={search_term_string}\"},\"query-input\":{\"@type\":\"PropertyValueSpecification\",\"valueRequired\":true,\"valueName\":\"search_term_string\"}}],\"inLanguage\":\"en-US\"}]}<\/script>\n<!-- \/ Yoast SEO plugin. -->","yoast_head_json":{"title":"THE WEDDING DANCE QUEENS - The Wedding Dance Queens","robots":{"index":"index","follow":"follow","max-snippet":"max-snippet:-1","max-image-preview":"max-image-preview:large","max-video-preview":"max-video-preview:-1"},"canonical":"https:\/\/theweddingdancequeens.de\/en\/","og_locale":"en_US","og_type":"article","og_title":"THE WEDDING DANCE QUEENS - The Wedding Dance Queens","og_description":"THE WEDDING DANCE QUEENS In den besten H\u00e4nden F\u00fcr all diejenigen, die einen individuellen, pers\u00f6nlichen Hochzeitstanz suchen, gibt es The Wedding Dance Queens. Privatstunden &#8211; Ihr ganz exklusiver Tanzunterricht. Buchen [&hellip;]","og_url":"https:\/\/theweddingdancequeens.de\/en\/","og_site_name":"The Wedding Dance Queens","article_modified_time":"2024-02-25T17:38:49+00:00","og_image":[{"url":"https:\/\/theweddingdancequeens.de\/wp-content\/uploads\/elementor\/thumbs\/twdq-logo-no-text-2-qcz9npbu5ckbuvxhvmnxpazyqpcnbhy5b69hr51xk0.png","type":"","width":"","height":""}],"twitter_card":"summary_large_image","twitter_misc":{"Est. reading time":"3 minutes"},"schema":{"@context":"https:\/\/schema.org","@graph":[{"@type":"WebPage","@id":"https:\/\/theweddingdancequeens.de\/","url":"https:\/\/theweddingdancequeens.de\/","name":"THE WEDDING DANCE QUEENS - The Wedding Dance Queens","isPartOf":{"@id":"https:\/\/theweddingdance-70px625mdu.live-website.com\/#website"},"primaryImageOfPage":{"@id":"https:\/\/theweddingdancequeens.de\/#primaryimage"},"image":{"@id":"https:\/\/theweddingdancequeens.de\/#primaryimage"},"thumbnailUrl":"https:\/\/theweddingdancequeens.de\/wp-content\/uploads\/elementor\/thumbs\/twdq-logo-no-text-2-qcz9npbu5ckbuvxhvmnxpazyqpcnbhy5b69hr51xk0.png","datePublished":"2023-09-26T09:10:27+00:00","dateModified":"2024-02-25T17:38:49+00:00","breadcrumb":{"@id":"https:\/\/theweddingdancequeens.de\/#breadcrumb"},"inLanguage":"en-US","potentialAction":[{"@type":"ReadAction","target":["https:\/\/theweddingdancequeens.de\/"]}]},{"@type":"ImageObject","inLanguage":"en-US","@id":"https:\/\/theweddingdancequeens.de\/#primaryimage","url":"https:\/\/theweddingdancequeens.de\/wp-content\/uploads\/elementor\/thumbs\/twdq-logo-no-text-2-qcz9npbu5ckbuvxhvmnxpazyqpcnbhy5b69hr51xk0.png","contentUrl":"https:\/\/theweddingdancequeens.de\/wp-content\/uploads\/elementor\/thumbs\/twdq-logo-no-text-2-qcz9npbu5ckbuvxhvmnxpazyqpcnbhy5b69hr51xk0.png"},{"@type":"BreadcrumbList","@id":"https:\/\/theweddingdancequeens.de\/#breadcrumb","itemListElement":[{"@type":"ListItem","position":1,"name":"Home","item":"https:\/\/theweddingdancequeens.de\/"},{"@type":"ListItem","position":2,"name":"THE WEDDING DANCE QUEENS"}]},{"@type":"WebSite","@id":"https:\/\/theweddingdance-70px625mdu.live-website.com\/#website","url":"https:\/\/theweddingdance-70px625mdu.live-website.com\/","name":"The Wedding Dance Queens","description":"","potentialAction":[{"@type":"SearchAction","target":{"@type":"EntryPoint","urlTemplate":"https:\/\/theweddingdance-70px625mdu.live-website.com\/?s={search_term_string}"},"query-input":{"@type":"PropertyValueSpecification","valueRequired":true,"valueName":"search_term_string"}}],"inLanguage":"en-US"}]}},"_links":{"self":[{"href":"https:\/\/theweddingdancequeens.de\/en\/wp-json\/wp\/v2\/pages\/2","targetHints":{"allow":["GET"]}}],"collection":[{"href":"https:\/\/theweddingdancequeens.de\/en\/wp-json\/wp\/v2\/pages"}],"about":[{"href":"https:\/\/theweddingdancequeens.de\/en\/wp-json\/wp\/v2\/types\/page"}],"author":[{"embeddable":true,"href":"https:\/\/theweddingdancequeens.de\/en\/wp-json\/wp\/v2\/users\/1"}],"replies":[{"embeddable":true,"href":"https:\/\/theweddingdancequeens.de\/en\/wp-json\/wp\/v2\/comments?post=2"}],"version-history":[{"count":206,"href":"https:\/\/theweddingdancequeens.de\/en\/wp-json\/wp\/v2\/pages\/2\/revisions"}],"predecessor-version":[{"id":746,"href":"https:\/\/theweddingdancequeens.de\/en\/wp-json\/wp\/v2\/pages\/2\/revisions\/746"}],"wp:attachment":[{"href":"https:\/\/theweddingdancequeens.de\/en\/wp-json\/wp\/v2\/media?parent=2"}],"curies":[{"name":"wp","href":"https:\/\/api.w.org\/{rel}","templated":true}]}}